{"id":1786,"date":"2020-04-08T20:17:48","date_gmt":"2020-04-08T20:17:48","guid":{"rendered":"http:\/\/berndgoffart.de\/?page_id=1786"},"modified":"2025-07-14T13:40:05","modified_gmt":"2025-07-14T13:40:05","slug":"impressum","status":"publish","type":"page","link":"https:\/\/berndgoffart.de\/?page_id=1786","title":{"rendered":"Impressum"},"content":{"rendered":"\t\t<div data-elementor-type=\"wp-page\" data-elementor-id=\"1786\" class=\"elementor elementor-1786\">\n\t\t\t\t\t\t<section class=\"elementor-section elementor-top-section elementor-element elementor-element-1badffa elementor-section-boxed elementor-section-height-default elementor-section-height-default\" data-id=\"1badffa\" data-element_type=\"section\">\n\t\t\t\t\t\t<div class=\"elementor-container elementor-column-gap-default\">\n\t\t\t\t\t<div class=\"elementor-column elementor-col-100 elementor-top-column elementor-element elementor-element-b5b23b9\" data-id=\"b5b23b9\" data-element_type=\"column\">\n\t\t\t<div class=\"elementor-widget-wrap elementor-element-populated\">\n\t\t\t\t\t\t<div class=\"elementor-element elementor-element-4c1f650 elementor-widget elementor-widget-heading\" data-id=\"4c1f650\" data-element_type=\"widget\" data-widget_type=\"heading.default\">\n\t\t\t\t<div class=\"elementor-widget-container\">\n\t\t\t\t\t<h2 class=\"elementor-heading-title elementor-size-default\">Impressum<\/h2>\t\t\t\t<\/div>\n\t\t\t\t<\/div>\n\t\t\t\t\t<\/div>\n\t\t<\/div>\n\t\t\t\t\t<\/div>\n\t\t<\/section>\n\t\t\t\t<section class=\"elementor-section elementor-top-section elementor-element elementor-element-1eaa915 elementor-section-boxed elementor-section-height-default elementor-section-height-default\" data-id=\"1eaa915\" data-element_type=\"section\">\n\t\t\t\t\t\t<div class=\"elementor-container elementor-column-gap-default\">\n\t\t\t\t\t<div class=\"elementor-column elementor-col-100 elementor-top-column elementor-element elementor-element-576cf67\" data-id=\"576cf67\" data-element_type=\"column\">\n\t\t\t<div class=\"elementor-widget-wrap elementor-element-populated\">\n\t\t\t\t\t\t<div class=\"elementor-element elementor-element-52e42e3 elementor-widget elementor-widget-text-editor\" data-id=\"52e42e3\" data-element_type=\"widget\" data-widget_type=\"text-editor.default\">\n\t\t\t\t<div class=\"elementor-widget-container\">\n\t\t\t\t\t\t\t\t\t<p><strong>Angaben gem\u00e4\u00df \u00a7 5 TMG<\/strong><\/p><p>Christlich Demokratische Union Deutschlands (CDU),<br \/>Gemeindeverband Simmerath im CDU-Kreisverband Aachen Land,<br \/>vertreten durch den Gemeindeverbandsvorsitzenden:<\/p><p>Bernd Goffart<br \/>Bundesstra\u00dfe 48<br \/>52152 Simmerath<\/p><p><strong>Kontakt<\/strong><\/p><p>Telefon: 0176 54064719<br \/>E-Mail: bernd.goffart@cdu-simmerath.de<\/p><p><strong>Verantwortlich f\u00fcr den Inhalt nach \u00a7 55 Abs. 2 RStV<\/strong><\/p><p>Bernd Goffart<br \/>Bundesstra\u00dfe 48<br \/>52152 Simmerath<\/p><p><strong>Fotonachweis:<\/strong><\/p><p>Gemeinde Simmerath<br \/>CDU Gemeindeverband Simmerath<br \/>Fotostudio Schiller<\/p><p><strong>Layout\/ Design:<\/strong><\/p><p>One Press Theme<\/p><p><strong>Haftung f\u00fcr Inhalte<\/strong><\/p><p>Als Diensteanbieter sind wir gem\u00e4\u00df \u00a7 7 Abs.1 TMG f\u00fcr eigene Inhalte auf diesen Seiten nach den allgemeinen Gesetzen verantwortlich. Nach \u00a7\u00a7 8 bis 10 TMG sind wir als Diensteanbieter jedoch nicht verpflichtet, \u00fcbermittelte oder gespeicherte fremde Informationen zu \u00fcberwachen oder nach Umst\u00e4nden zu forschen, die auf eine rechtswidrige T\u00e4tigkeit hinweisen.<\/p><p>Verpflichtungen zur Entfernung oder Sperrung der Nutzung von Informationen nach den allgemeinen Gesetzen bleiben hiervon unber\u00fchrt. Eine diesbez\u00fcgliche Haftung ist jedoch erst ab dem Zeitpunkt der Kenntnis einer konkreten Rechtsverletzung m\u00f6glich.\u00a0Bei Bekanntwerden von entsprechenden Rechtsverletzungen werden wir diese Inhalte umgehend entfernen.<\/p><p><strong>Haftung f\u00fcr Links<\/strong><\/p><p>Unser Angebot enth\u00e4lt Links zu externen Websites Dritter, auf deren Inhalte wir keinen Einfluss haben. Deshalb k\u00f6nnen wir f\u00fcr diese fremden Inhalte auch keine Gew\u00e4hr \u00fcbernehmen. F\u00fcr die Inhalte der verlinkten Seiten ist stets der jeweilige Anbieter oder Betreiber der Seiten verantwortlich. Die verlinkten Seiten wurden zum Zeitpunkt der Verlinkung auf m\u00f6gliche Rechtsverst\u00f6\u00dfe \u00fcberpr\u00fcft. Rechtswidrige Inhalte waren zum Zeitpunkt der Verlinkung nicht erkennbar.<\/p><p>Eine permanente inhaltliche Kontrolle der verlinkten Seiten ist jedoch ohne konkrete Anhaltspunkte einer Rechtsverletzung nicht zumutbar. Bei Bekanntwerden von Rechtsverletzungen werden wir derartige Links umgehend entfernen.<\/p><p><strong>Urheberrecht<\/strong><\/p><p>Die durch die Seitenbetreiber erstellten Inhalte und Werke auf diesen Seiten unterliegen dem deutschen Urheberrecht. Die Vervielf\u00e4ltigung, Bearbeitung, Verbreitung und jede Art der Verwertung au\u00dferhalb der Grenzen des Urheberrechtes bed\u00fcrfen der schriftlichen Zustimmung des jeweiligen Autors bzw. Erstellers. Downloads und Kopien dieser Seite sind nur f\u00fcr den privaten, nicht kommerziellen Gebrauch gestattet.<\/p><p>Soweit die Inhalte auf dieser Seite nicht vom Betreiber erstellt wurden, werden die Urheberrechte Dritter beachtet. Insbesondere werden Inhalte Dritter als solche gekennzeichnet. Sollten Sie trotzdem auf eine Urheberrechtsverletzung aufmerksam werden, bitten wir um einen entsprechenden Hinweis. Bei Bekanntwerden von Rechtsverletzungen werden wir derartige Inhalte umgehend entfernen.<\/p>\t\t\t\t\t\t\t\t<\/div>\n\t\t\t\t<\/div>\n\t\t\t\t\t<\/div>\n\t\t<\/div>\n\t\t\t\t\t<\/div>\n\t\t<\/section>\n\t\t\t\t<section class=\"elementor-section elementor-top-section elementor-element elementor-element-7bd44f5 elementor-section-boxed elementor-section-height-default elementor-section-height-default\" data-id=\"7bd44f5\" data-element_type=\"section\">\n\t\t\t\t\t\t<div class=\"elementor-container elementor-column-gap-default\">\n\t\t\t\t\t<div class=\"elementor-column elementor-col-100 elementor-top-column elementor-element elementor-element-55c2e23\" data-id=\"55c2e23\" data-element_type=\"column\">\n\t\t\t<div class=\"elementor-widget-wrap elementor-element-populated\">\n\t\t\t\t\t\t<div class=\"elementor-element elementor-element-8c5a5bc elementor-widget elementor-widget-spacer\" data-id=\"8c5a5bc\" data-element_type=\"widget\" data-widget_type=\"spacer.default\">\n\t\t\t\t<div class=\"elementor-widget-container\">\n\t\t\t\t\t\t\t<div class=\"elementor-spacer\">\n\t\t\t<div class=\"elementor-spacer-inner\"><\/div>\n\t\t<\/div>\n\t\t\t\t\t\t<\/div>\n\t\t\t\t<\/div>\n\t\t\t\t\t<\/div>\n\t\t<\/div>\n\t\t\t\t\t<\/div>\n\t\t<\/section>\n\t\t\t\t<section class=\"elementor-section elementor-top-section elementor-element elementor-element-fa70458 elementor-section-boxed elementor-section-height-default elementor-section-height-default\" data-id=\"fa70458\" data-element_type=\"section\">\n\t\t\t\t\t\t<div class=\"elementor-container elementor-column-gap-default\">\n\t\t\t\t\t<div class=\"elementor-column elementor-col-100 elementor-top-column elementor-element elementor-element-3d5b703\" data-id=\"3d5b703\" data-element_type=\"column\">\n\t\t\t<div class=\"elementor-widget-wrap elementor-element-populated\">\n\t\t\t\t\t\t<div class=\"elementor-element elementor-element-7d896f3 elementor-widget elementor-widget-spacer\" data-id=\"7d896f3\" data-element_type=\"widget\" data-widget_type=\"spacer.default\">\n\t\t\t\t<div class=\"elementor-widget-container\">\n\t\t\t\t\t\t\t<div class=\"elementor-spacer\">\n\t\t\t<div class=\"elementor-spacer-inner\"><\/div>\n\t\t<\/div>\n\t\t\t\t\t\t<\/div>\n\t\t\t\t<\/div>\n\t\t\t\t\t<\/div>\n\t\t<\/div>\n\t\t\t\t\t<\/div>\n\t\t<\/section>\n\t\t\t\t<\/div>\n\t\t","protected":false},"excerpt":{"rendered":"<p>Impressum Angaben gem\u00e4\u00df \u00a7 5 TMG Christlich Demokratische Union Deutschlands (CDU),Gemeindeverband Simmerath im CDU-Kreisverband Aachen Land,vertreten durch den Gemeindeverbandsvorsitzenden: Bernd GoffartBundesstra\u00dfe 4852152 Simmerath Kontakt Telefon: 0176 54064719E-Mail: bernd.goffart@cdu-simmerath.de Verantwortlich f\u00fcr &#8230;<\/p>\n","protected":false},"author":1,"featured_media":0,"parent":0,"menu_order":0,"comment_status":"closed","ping_status":"closed","template":"","meta":{"footnotes":""},"class_list":["post-1786","page","type-page","status-publish","hentry"],"yoast_head":"<!-- This site is optimized with the Yoast SEO plugin v26.7 - https:\/\/yoast.com\/wordpress\/plugins\/seo\/ -->\n<title>Impressum - Bernd Goffart<\/title>\n<meta name=\"robots\" content=\"index, follow, max-snippet:-1, max-image-preview:large, max-video-preview:-1\" \/>\n<link rel=\"canonical\" href=\"https:\/\/berndgoffart.de\/?page_id=1786\" \/>\n<meta property=\"og:locale\" content=\"de_DE\" \/>\n<meta property=\"og:type\" content=\"article\" \/>\n<meta property=\"og:title\" content=\"Impressum - Bernd Goffart\" \/>\n<meta property=\"og:description\" content=\"Impressum Angaben gem\u00e4\u00df \u00a7 5 TMG Christlich Demokratische Union Deutschlands (CDU),Gemeindeverband Simmerath im CDU-Kreisverband Aachen Land,vertreten durch den Gemeindeverbandsvorsitzenden: Bernd GoffartBundesstra\u00dfe 4852152 Simmerath Kontakt Telefon: 0176 54064719E-Mail: bernd.goffart@cdu-simmerath.de Verantwortlich f\u00fcr ...\" \/>\n<meta property=\"og:url\" content=\"https:\/\/berndgoffart.de\/?page_id=1786\" \/>\n<meta property=\"og:site_name\" content=\"Bernd Goffart\" \/>\n<meta property=\"article:modified_time\" content=\"2025-07-14T13:40:05+00:00\" \/>\n<meta name=\"twitter:card\" content=\"summary_large_image\" \/>\n<meta name=\"twitter:label1\" content=\"Gesch\u00e4tzte Lesezeit\" \/>\n\t<meta name=\"twitter:data1\" content=\"2\u00a0Minuten\" \/>\n<script type=\"application\/ld+json\" class=\"yoast-schema-graph\">{\"@context\":\"https:\/\/schema.org\",\"@graph\":[{\"@type\":\"WebPage\",\"@id\":\"https:\/\/berndgoffart.de\/?page_id=1786\",\"url\":\"https:\/\/berndgoffart.de\/?page_id=1786\",\"name\":\"Impressum - Bernd Goffart\",\"isPartOf\":{\"@id\":\"https:\/\/berndgoffart.de\/#website\"},\"datePublished\":\"2020-04-08T20:17:48+00:00\",\"dateModified\":\"2025-07-14T13:40:05+00:00\",\"breadcrumb\":{\"@id\":\"https:\/\/berndgoffart.de\/?page_id=1786#breadcrumb\"},\"inLanguage\":\"de\",\"potentialAction\":[{\"@type\":\"ReadAction\",\"target\":[\"https:\/\/berndgoffart.de\/?page_id=1786\"]}]},{\"@type\":\"BreadcrumbList\",\"@id\":\"https:\/\/berndgoffart.de\/?page_id=1786#breadcrumb\",\"itemListElement\":[{\"@type\":\"ListItem\",\"position\":1,\"name\":\"Startseite\",\"item\":\"https:\/\/berndgoffart.de\/\"},{\"@type\":\"ListItem\",\"position\":2,\"name\":\"Impressum\"}]},{\"@type\":\"WebSite\",\"@id\":\"https:\/\/berndgoffart.de\/#website\",\"url\":\"https:\/\/berndgoffart.de\/\",\"name\":\"Bernd Goffart B\u00fcrgermeisterkandidat CDU 2025\",\"description\":\"Ihr B\u00fcrgermeister 2025 f\u00fcr Simmerath\",\"potentialAction\":[{\"@type\":\"SearchAction\",\"target\":{\"@type\":\"EntryPoint\",\"urlTemplate\":\"https:\/\/berndgoffart.de\/?s={search_term_string}\"},\"query-input\":{\"@type\":\"PropertyValueSpecification\",\"valueRequired\":true,\"valueName\":\"search_term_string\"}}],\"inLanguage\":\"de\"}]}<\/script>\n<!-- \/ Yoast SEO plugin. -->","yoast_head_json":{"title":"Impressum - Bernd Goffart","robots":{"index":"index","follow":"follow","max-snippet":"max-snippet:-1","max-image-preview":"max-image-preview:large","max-video-preview":"max-video-preview:-1"},"canonical":"https:\/\/berndgoffart.de\/?page_id=1786","og_locale":"de_DE","og_type":"article","og_title":"Impressum - Bernd Goffart","og_description":"Impressum Angaben gem\u00e4\u00df \u00a7 5 TMG Christlich Demokratische Union Deutschlands (CDU),Gemeindeverband Simmerath im CDU-Kreisverband Aachen Land,vertreten durch den Gemeindeverbandsvorsitzenden: Bernd GoffartBundesstra\u00dfe 4852152 Simmerath Kontakt Telefon: 0176 54064719E-Mail: bernd.goffart@cdu-simmerath.de Verantwortlich f\u00fcr ...","og_url":"https:\/\/berndgoffart.de\/?page_id=1786","og_site_name":"Bernd Goffart","article_modified_time":"2025-07-14T13:40:05+00:00","twitter_card":"summary_large_image","twitter_misc":{"Gesch\u00e4tzte Lesezeit":"2\u00a0Minuten"},"schema":{"@context":"https:\/\/schema.org","@graph":[{"@type":"WebPage","@id":"https:\/\/berndgoffart.de\/?page_id=1786","url":"https:\/\/berndgoffart.de\/?page_id=1786","name":"Impressum - Bernd Goffart","isPartOf":{"@id":"https:\/\/berndgoffart.de\/#website"},"datePublished":"2020-04-08T20:17:48+00:00","dateModified":"2025-07-14T13:40:05+00:00","breadcrumb":{"@id":"https:\/\/berndgoffart.de\/?page_id=1786#breadcrumb"},"inLanguage":"de","potentialAction":[{"@type":"ReadAction","target":["https:\/\/berndgoffart.de\/?page_id=1786"]}]},{"@type":"BreadcrumbList","@id":"https:\/\/berndgoffart.de\/?page_id=1786#breadcrumb","itemListElement":[{"@type":"ListItem","position":1,"name":"Startseite","item":"https:\/\/berndgoffart.de\/"},{"@type":"ListItem","position":2,"name":"Impressum"}]},{"@type":"WebSite","@id":"https:\/\/berndgoffart.de\/#website","url":"https:\/\/berndgoffart.de\/","name":"Bernd Goffart B\u00fcrgermeisterkandidat CDU 2025","description":"Ihr B\u00fcrgermeister 2025 f\u00fcr Simmerath","potentialAction":[{"@type":"SearchAction","target":{"@type":"EntryPoint","urlTemplate":"https:\/\/berndgoffart.de\/?s={search_term_string}"},"query-input":{"@type":"PropertyValueSpecification","valueRequired":true,"valueName":"search_term_string"}}],"inLanguage":"de"}]}},"amp_enabled":true,"_links":{"self":[{"href":"https:\/\/berndgoffart.de\/index.php?rest_route=\/wp\/v2\/pages\/1786","targetHints":{"allow":["GET"]}}],"collection":[{"href":"https:\/\/berndgoffart.de\/index.php?rest_route=\/wp\/v2\/pages"}],"about":[{"href":"https:\/\/berndgoffart.de\/index.php?rest_route=\/wp\/v2\/types\/page"}],"author":[{"embeddable":true,"href":"https:\/\/berndgoffart.de\/index.php?rest_route=\/wp\/v2\/users\/1"}],"replies":[{"embeddable":true,"href":"https:\/\/berndgoffart.de\/index.php?rest_route=%2Fwp%2Fv2%2Fcomments&post=1786"}],"version-history":[{"count":25,"href":"https:\/\/berndgoffart.de\/index.php?rest_route=\/wp\/v2\/pages\/1786\/revisions"}],"predecessor-version":[{"id":2984,"href":"https:\/\/berndgoffart.de\/index.php?rest_route=\/wp\/v2\/pages\/1786\/revisions\/2984"}],"wp:attachment":[{"href":"https:\/\/berndgoffart.de\/index.php?rest_route=%2Fwp%2Fv2%2Fmedia&parent=1786"}],"curies":[{"name":"wp","href":"https:\/\/api.w.org\/{rel}","templated":true}]}}