{"id":1710,"date":"2020-04-06T15:08:37","date_gmt":"2020-04-06T15:08:37","guid":{"rendered":"http:\/\/berndgoffart.de\/?page_id=1710"},"modified":"2025-07-14T14:34:30","modified_gmt":"2025-07-14T14:34:30","slug":"einsatz-fuer-alle-ortschaften-und-ortsteile","status":"publish","type":"page","link":"https:\/\/berndgoffart.de\/?page_id=1710","title":{"rendered":"Vielfalt der D\u00f6rfer"},"content":{"rendered":"\t\t<div data-elementor-type=\"wp-page\" data-elementor-id=\"1710\" class=\"elementor elementor-1710\">\n\t\t\t\t\t\t<section class=\"elementor-section elementor-top-section elementor-element elementor-element-b83b164 elementor-section-boxed elementor-section-height-default elementor-section-height-default\" data-id=\"b83b164\" data-element_type=\"section\">\n\t\t\t\t\t\t<div class=\"elementor-container elementor-column-gap-default\">\n\t\t\t\t\t<div class=\"elementor-column elementor-col-50 elementor-top-column elementor-element elementor-element-98a16d0\" data-id=\"98a16d0\" data-element_type=\"column\">\n\t\t\t<div class=\"elementor-widget-wrap elementor-element-populated\">\n\t\t\t\t\t\t<div class=\"elementor-element elementor-element-e29cd00 elementor-widget elementor-widget-image\" data-id=\"e29cd00\" data-element_type=\"widget\" data-widget_type=\"image.default\">\n\t\t\t\t<div class=\"elementor-widget-container\">\n\t\t\t\t\t\t\t\t\t\t\t\t\t\t\t<img decoding=\"async\" src=\"https:\/\/berndgoffart.de\/wp-content\/uploads\/2025\/06\/9-Vielfalt-der-Doerfer-scaled.jpg\" title=\"9 Vielfalt der D\u00f6rfer\" alt=\"9 Vielfalt der D\u00f6rfer\" loading=\"lazy\" \/>\t\t\t\t\t\t\t\t\t\t\t\t\t\t\t<\/div>\n\t\t\t\t<\/div>\n\t\t\t\t\t<\/div>\n\t\t<\/div>\n\t\t\t\t<div class=\"elementor-column elementor-col-50 elementor-top-column elementor-element elementor-element-ff360b8\" data-id=\"ff360b8\" data-element_type=\"column\">\n\t\t\t<div class=\"elementor-widget-wrap elementor-element-populated\">\n\t\t\t\t\t\t<div class=\"elementor-element elementor-element-c260702 elementor-widget elementor-widget-heading\" data-id=\"c260702\" data-element_type=\"widget\" data-widget_type=\"heading.default\">\n\t\t\t\t<div class=\"elementor-widget-container\">\n\t\t\t\t\t<h2 class=\"elementor-heading-title elementor-size-default\">Vielfalt der D\u00f6rfer<\/h2>\t\t\t\t<\/div>\n\t\t\t\t<\/div>\n\t\t\t\t<div class=\"elementor-element elementor-element-ed36030 elementor-widget elementor-widget-heading\" data-id=\"ed36030\" data-element_type=\"widget\" data-widget_type=\"heading.default\">\n\t\t\t\t<div class=\"elementor-widget-container\">\n\t\t\t\t\t<p class=\"elementor-heading-title elementor-size-default\">Einsatz f\u00fcr alle Ortschaften und Ortsteile.<\/p>\t\t\t\t<\/div>\n\t\t\t\t<\/div>\n\t\t\t\t\t<\/div>\n\t\t<\/div>\n\t\t\t\t\t<\/div>\n\t\t<\/section>\n\t\t\t\t<section class=\"elementor-section elementor-top-section elementor-element elementor-element-a17558e elementor-section-boxed elementor-section-height-default elementor-section-height-default\" data-id=\"a17558e\" data-element_type=\"section\">\n\t\t\t\t\t\t<div class=\"elementor-container elementor-column-gap-default\">\n\t\t\t\t\t<div class=\"elementor-column elementor-col-100 elementor-top-column elementor-element elementor-element-d672224\" data-id=\"d672224\" data-element_type=\"column\">\n\t\t\t<div class=\"elementor-widget-wrap elementor-element-populated\">\n\t\t\t\t\t\t<div class=\"elementor-element elementor-element-514f62e elementor-widget elementor-widget-text-editor\" data-id=\"514f62e\" data-element_type=\"widget\" data-widget_type=\"text-editor.default\">\n\t\t\t\t<div class=\"elementor-widget-container\">\n\t\t\t\t\t\t\t\t\t<p>Jedes einzelne Dorf unserer Gemeinde ist lebens- und liebenswert. Als B\u00fcrgermeister kenne ich die vielen unterschiedlichen Vorz\u00fcge und Besonderheiten. Die Herausforderungen vor Ort anzugehen, ist mir ebenfalls wichtig. So oft ich kann, bin ich vor Ort unterwegs, sei es zu Ortsterminen oder Veranstaltungen.<\/p><p>Die Entwicklung des Zentralortes Simmerath sowie die Entwicklung der einzelnen D\u00f6rfer sind mir gleicherma\u00dfen wichtig.<\/p><p>Begeistert bin ich immer wieder \u00fcber die Vielfalt unserer D\u00f6rfer und das riesige ehrenamtliche Engagement; dies bereichert unsere Gemeinde ungemein<\/p><p><strong><u>Ich verspreche Ihnen:<\/u><\/strong><\/p><p>Als Ihr B\u00fcrgermeister setze ich mich weiter f\u00fcr die Vielfalt in allen D\u00f6rfern ein.<\/p>\t\t\t\t\t\t\t\t<\/div>\n\t\t\t\t<\/div>\n\t\t\t\t\t<\/div>\n\t\t<\/div>\n\t\t\t\t\t<\/div>\n\t\t<\/section>\n\t\t\t\t<\/div>\n\t\t","protected":false},"excerpt":{"rendered":"<p>Vielfalt der D\u00f6rfer Einsatz f\u00fcr alle Ortschaften und Ortsteile. Jedes einzelne Dorf unserer Gemeinde ist lebens- und liebenswert. Als B\u00fcrgermeister kenne ich die vielen unterschiedlichen Vorz\u00fcge und Besonderheiten. Die Herausforderungen &#8230;<\/p>\n","protected":false},"author":1,"featured_media":1523,"parent":0,"menu_order":0,"comment_status":"closed","ping_status":"closed","template":"","meta":{"footnotes":""},"class_list":["post-1710","page","type-page","status-publish","has-post-thumbnail","hentry"],"yoast_head":"<!-- This site is optimized with the Yoast SEO plugin v26.7 - https:\/\/yoast.com\/wordpress\/plugins\/seo\/ -->\n<title>Vielfalt der D\u00f6rfer - Bernd Goffart<\/title>\n<meta name=\"robots\" content=\"index, follow, max-snippet:-1, max-image-preview:large, max-video-preview:-1\" \/>\n<link rel=\"canonical\" href=\"https:\/\/berndgoffart.de\/?page_id=1710\" \/>\n<meta property=\"og:locale\" content=\"de_DE\" \/>\n<meta property=\"og:type\" content=\"article\" \/>\n<meta property=\"og:title\" content=\"Vielfalt der D\u00f6rfer - Bernd Goffart\" \/>\n<meta property=\"og:description\" content=\"Vielfalt der D\u00f6rfer Einsatz f\u00fcr alle Ortschaften und Ortsteile. Jedes einzelne Dorf unserer Gemeinde ist lebens- und liebenswert. Als B\u00fcrgermeister kenne ich die vielen unterschiedlichen Vorz\u00fcge und Besonderheiten. Die Herausforderungen ...\" \/>\n<meta property=\"og:url\" content=\"https:\/\/berndgoffart.de\/?page_id=1710\" \/>\n<meta property=\"og:site_name\" content=\"Bernd Goffart\" \/>\n<meta property=\"article:modified_time\" content=\"2025-07-14T14:34:30+00:00\" \/>\n<meta property=\"og:image\" content=\"https:\/\/berndgoffart.de\/wp-content\/uploads\/2020\/02\/rursee-panorama-web-c1.jpg\" \/>\n\t<meta property=\"og:image:width\" content=\"800\" \/>\n\t<meta property=\"og:image:height\" content=\"531\" \/>\n\t<meta property=\"og:image:type\" content=\"image\/jpeg\" \/>\n<meta name=\"twitter:card\" content=\"summary_large_image\" \/>\n<meta name=\"twitter:label1\" content=\"Gesch\u00e4tzte Lesezeit\" \/>\n\t<meta name=\"twitter:data1\" content=\"1\u00a0Minute\" \/>\n<script type=\"application\/ld+json\" class=\"yoast-schema-graph\">{\"@context\":\"https:\/\/schema.org\",\"@graph\":[{\"@type\":\"WebPage\",\"@id\":\"https:\/\/berndgoffart.de\/?page_id=1710\",\"url\":\"https:\/\/berndgoffart.de\/?page_id=1710\",\"name\":\"Vielfalt der D\u00f6rfer - Bernd Goffart\",\"isPartOf\":{\"@id\":\"https:\/\/berndgoffart.de\/#website\"},\"primaryImageOfPage\":{\"@id\":\"https:\/\/berndgoffart.de\/?page_id=1710#primaryimage\"},\"image\":{\"@id\":\"https:\/\/berndgoffart.de\/?page_id=1710#primaryimage\"},\"thumbnailUrl\":\"https:\/\/berndgoffart.de\/wp-content\/uploads\/2020\/02\/rursee-panorama-web-c1.jpg\",\"datePublished\":\"2020-04-06T15:08:37+00:00\",\"dateModified\":\"2025-07-14T14:34:30+00:00\",\"breadcrumb\":{\"@id\":\"https:\/\/berndgoffart.de\/?page_id=1710#breadcrumb\"},\"inLanguage\":\"de\",\"potentialAction\":[{\"@type\":\"ReadAction\",\"target\":[\"https:\/\/berndgoffart.de\/?page_id=1710\"]}]},{\"@type\":\"ImageObject\",\"inLanguage\":\"de\",\"@id\":\"https:\/\/berndgoffart.de\/?page_id=1710#primaryimage\",\"url\":\"https:\/\/berndgoffart.de\/wp-content\/uploads\/2020\/02\/rursee-panorama-web-c1.jpg\",\"contentUrl\":\"https:\/\/berndgoffart.de\/wp-content\/uploads\/2020\/02\/rursee-panorama-web-c1.jpg\",\"width\":800,\"height\":531},{\"@type\":\"BreadcrumbList\",\"@id\":\"https:\/\/berndgoffart.de\/?page_id=1710#breadcrumb\",\"itemListElement\":[{\"@type\":\"ListItem\",\"position\":1,\"name\":\"Startseite\",\"item\":\"https:\/\/berndgoffart.de\/\"},{\"@type\":\"ListItem\",\"position\":2,\"name\":\"Vielfalt der D\u00f6rfer\"}]},{\"@type\":\"WebSite\",\"@id\":\"https:\/\/berndgoffart.de\/#website\",\"url\":\"https:\/\/berndgoffart.de\/\",\"name\":\"Bernd Goffart B\u00fcrgermeisterkandidat CDU 2025\",\"description\":\"Ihr B\u00fcrgermeister 2025 f\u00fcr Simmerath\",\"potentialAction\":[{\"@type\":\"SearchAction\",\"target\":{\"@type\":\"EntryPoint\",\"urlTemplate\":\"https:\/\/berndgoffart.de\/?s={search_term_string}\"},\"query-input\":{\"@type\":\"PropertyValueSpecification\",\"valueRequired\":true,\"valueName\":\"search_term_string\"}}],\"inLanguage\":\"de\"}]}<\/script>\n<!-- \/ Yoast SEO plugin. -->","yoast_head_json":{"title":"Vielfalt der D\u00f6rfer - Bernd Goffart","robots":{"index":"index","follow":"follow","max-snippet":"max-snippet:-1","max-image-preview":"max-image-preview:large","max-video-preview":"max-video-preview:-1"},"canonical":"https:\/\/berndgoffart.de\/?page_id=1710","og_locale":"de_DE","og_type":"article","og_title":"Vielfalt der D\u00f6rfer - Bernd Goffart","og_description":"Vielfalt der D\u00f6rfer Einsatz f\u00fcr alle Ortschaften und Ortsteile. Jedes einzelne Dorf unserer Gemeinde ist lebens- und liebenswert. Als B\u00fcrgermeister kenne ich die vielen unterschiedlichen Vorz\u00fcge und Besonderheiten. Die Herausforderungen ...","og_url":"https:\/\/berndgoffart.de\/?page_id=1710","og_site_name":"Bernd Goffart","article_modified_time":"2025-07-14T14:34:30+00:00","og_image":[{"width":800,"height":531,"url":"https:\/\/berndgoffart.de\/wp-content\/uploads\/2020\/02\/rursee-panorama-web-c1.jpg","type":"image\/jpeg"}],"twitter_card":"summary_large_image","twitter_misc":{"Gesch\u00e4tzte Lesezeit":"1\u00a0Minute"},"schema":{"@context":"https:\/\/schema.org","@graph":[{"@type":"WebPage","@id":"https:\/\/berndgoffart.de\/?page_id=1710","url":"https:\/\/berndgoffart.de\/?page_id=1710","name":"Vielfalt der D\u00f6rfer - Bernd Goffart","isPartOf":{"@id":"https:\/\/berndgoffart.de\/#website"},"primaryImageOfPage":{"@id":"https:\/\/berndgoffart.de\/?page_id=1710#primaryimage"},"image":{"@id":"https:\/\/berndgoffart.de\/?page_id=1710#primaryimage"},"thumbnailUrl":"https:\/\/berndgoffart.de\/wp-content\/uploads\/2020\/02\/rursee-panorama-web-c1.jpg","datePublished":"2020-04-06T15:08:37+00:00","dateModified":"2025-07-14T14:34:30+00:00","breadcrumb":{"@id":"https:\/\/berndgoffart.de\/?page_id=1710#breadcrumb"},"inLanguage":"de","potentialAction":[{"@type":"ReadAction","target":["https:\/\/berndgoffart.de\/?page_id=1710"]}]},{"@type":"ImageObject","inLanguage":"de","@id":"https:\/\/berndgoffart.de\/?page_id=1710#primaryimage","url":"https:\/\/berndgoffart.de\/wp-content\/uploads\/2020\/02\/rursee-panorama-web-c1.jpg","contentUrl":"https:\/\/berndgoffart.de\/wp-content\/uploads\/2020\/02\/rursee-panorama-web-c1.jpg","width":800,"height":531},{"@type":"BreadcrumbList","@id":"https:\/\/berndgoffart.de\/?page_id=1710#breadcrumb","itemListElement":[{"@type":"ListItem","position":1,"name":"Startseite","item":"https:\/\/berndgoffart.de\/"},{"@type":"ListItem","position":2,"name":"Vielfalt der D\u00f6rfer"}]},{"@type":"WebSite","@id":"https:\/\/berndgoffart.de\/#website","url":"https:\/\/berndgoffart.de\/","name":"Bernd Goffart B\u00fcrgermeisterkandidat CDU 2025","description":"Ihr B\u00fcrgermeister 2025 f\u00fcr Simmerath","potentialAction":[{"@type":"SearchAction","target":{"@type":"EntryPoint","urlTemplate":"https:\/\/berndgoffart.de\/?s={search_term_string}"},"query-input":{"@type":"PropertyValueSpecification","valueRequired":true,"valueName":"search_term_string"}}],"inLanguage":"de"}]}},"amp_enabled":true,"_links":{"self":[{"href":"https:\/\/berndgoffart.de\/index.php?rest_route=\/wp\/v2\/pages\/1710","targetHints":{"allow":["GET"]}}],"collection":[{"href":"https:\/\/berndgoffart.de\/index.php?rest_route=\/wp\/v2\/pages"}],"about":[{"href":"https:\/\/berndgoffart.de\/index.php?rest_route=\/wp\/v2\/types\/page"}],"author":[{"embeddable":true,"href":"https:\/\/berndgoffart.de\/index.php?rest_route=\/wp\/v2\/users\/1"}],"replies":[{"embeddable":true,"href":"https:\/\/berndgoffart.de\/index.php?rest_route=%2Fwp%2Fv2%2Fcomments&post=1710"}],"version-history":[{"count":26,"href":"https:\/\/berndgoffart.de\/index.php?rest_route=\/wp\/v2\/pages\/1710\/revisions"}],"predecessor-version":[{"id":3045,"href":"https:\/\/berndgoffart.de\/index.php?rest_route=\/wp\/v2\/pages\/1710\/revisions\/3045"}],"wp:featuredmedia":[{"embeddable":true,"href":"https:\/\/berndgoffart.de\/index.php?rest_route=\/wp\/v2\/media\/1523"}],"wp:attachment":[{"href":"https:\/\/berndgoffart.de\/index.php?rest_route=%2Fwp%2Fv2%2Fmedia&parent=1710"}],"curies":[{"name":"wp","href":"https:\/\/api.w.org\/{rel}","templated":true}]}}