{"id":1700,"date":"2020-04-06T15:02:40","date_gmt":"2020-04-06T15:02:40","guid":{"rendered":"http:\/\/berndgoffart.de\/?page_id=1700"},"modified":"2025-07-14T13:45:43","modified_gmt":"2025-07-14T13:45:43","slug":"besseres-strassennetz-und-oepnv","status":"publish","type":"page","link":"https:\/\/berndgoffart.de\/?page_id=1700","title":{"rendered":"Mobilit\u00e4t verbessern"},"content":{"rendered":"\t\t<div data-elementor-type=\"wp-page\" data-elementor-id=\"1700\" class=\"elementor elementor-1700\">\n\t\t\t\t\t\t<section class=\"elementor-section elementor-top-section elementor-element elementor-element-b83b164 elementor-section-boxed elementor-section-height-default elementor-section-height-default\" data-id=\"b83b164\" data-element_type=\"section\">\n\t\t\t\t\t\t<div class=\"elementor-container elementor-column-gap-default\">\n\t\t\t\t\t<div class=\"elementor-column elementor-col-50 elementor-top-column elementor-element elementor-element-98a16d0\" data-id=\"98a16d0\" data-element_type=\"column\">\n\t\t\t<div class=\"elementor-widget-wrap elementor-element-populated\">\n\t\t\t\t\t\t<div class=\"elementor-element elementor-element-e29cd00 elementor-widget elementor-widget-image\" data-id=\"e29cd00\" data-element_type=\"widget\" data-widget_type=\"image.default\">\n\t\t\t\t<div class=\"elementor-widget-container\">\n\t\t\t\t\t\t\t\t\t\t\t\t\t\t\t<img decoding=\"async\" src=\"https:\/\/berndgoffart.de\/wp-content\/uploads\/2025\/06\/8-Mobilitaet-verbessern-scaled.jpg\" title=\"8 Mobilit\u00e4t verbessern\" alt=\"8 Mobilit\u00e4t verbessern\" loading=\"lazy\" \/>\t\t\t\t\t\t\t\t\t\t\t\t\t\t\t<\/div>\n\t\t\t\t<\/div>\n\t\t\t\t\t<\/div>\n\t\t<\/div>\n\t\t\t\t<div class=\"elementor-column elementor-col-50 elementor-top-column elementor-element elementor-element-ff360b8\" data-id=\"ff360b8\" data-element_type=\"column\">\n\t\t\t<div class=\"elementor-widget-wrap elementor-element-populated\">\n\t\t\t\t\t\t<div class=\"elementor-element elementor-element-c260702 elementor-widget elementor-widget-heading\" data-id=\"c260702\" data-element_type=\"widget\" data-widget_type=\"heading.default\">\n\t\t\t\t<div class=\"elementor-widget-container\">\n\t\t\t\t\t<h2 class=\"elementor-heading-title elementor-size-default\">Mobilit\u00e4t verbessern<\/h2>\t\t\t\t<\/div>\n\t\t\t\t<\/div>\n\t\t\t\t<div class=\"elementor-element elementor-element-6f82667 elementor-widget elementor-widget-heading\" data-id=\"6f82667\" data-element_type=\"widget\" data-widget_type=\"heading.default\">\n\t\t\t\t<div class=\"elementor-widget-container\">\n\t\t\t\t\t<p class=\"elementor-heading-title elementor-size-default\">Die Mobilit\u00e4t der Zukunft gestalten.<\/p>\t\t\t\t<\/div>\n\t\t\t\t<\/div>\n\t\t\t\t\t<\/div>\n\t\t<\/div>\n\t\t\t\t\t<\/div>\n\t\t<\/section>\n\t\t\t\t<section class=\"elementor-section elementor-top-section elementor-element elementor-element-7adda8f elementor-section-boxed elementor-section-height-default elementor-section-height-default\" data-id=\"7adda8f\" data-element_type=\"section\">\n\t\t\t\t\t\t<div class=\"elementor-container elementor-column-gap-default\">\n\t\t\t\t\t<div class=\"elementor-column elementor-col-100 elementor-top-column elementor-element elementor-element-ad10c49\" data-id=\"ad10c49\" data-element_type=\"column\">\n\t\t\t<div class=\"elementor-widget-wrap elementor-element-populated\">\n\t\t\t\t\t\t<div class=\"elementor-element elementor-element-58685ba elementor-widget elementor-widget-text-editor\" data-id=\"58685ba\" data-element_type=\"widget\" data-widget_type=\"text-editor.default\">\n\t\t\t\t<div class=\"elementor-widget-container\">\n\t\t\t\t\t\t\t\t\t<p>Die Bustaktung von Simmerath und nach Aachen und zur\u00fcck wurde auf eine halbe Stunde verbessert und l\u00e4nger in die Abendstunden ausgedehnt. F\u00fcr die Ortsteile Huppenbroich, Eicherscheid, Hammer, Dedenborn, Einruhr, Erkensruhr und Hirschrott f\u00e4hrt nun ein Netlinerbus, der per App oder Anruf individuell bestellt werden kann. F\u00fcr Steckenborn, Woffelsbach, Rurberg und Kesternich gibt es eine deutliche Taktverbesserung der Busverbindung und Anbindung an Simmerath. Aktuell setze ich mich f\u00fcr eine bessere Bedienerfreundlichkeit der Netlinerapp ein.<\/p><p>Auch Schulbusse fahren nun von Simmerath \u00fcber Eicherscheid durch das Rurtal zu den Schleidener Schulen.<\/p><p>Alleine der \u00f6ffentliche Personennahverkehr (\u00d6PNV) wird durch die Gemeinde Simmerath in 2025 mit 1.418.000 \u20ac subventioniert.<\/p><p>Der \u00d6PNV und der Individualverkehr werden zuk\u00fcnftig gleicherma\u00dfen von weiteren Ampeln in Roetgen negativ betroffen sein. M\u00f6gliche innovative L\u00f6sungen wie der UP-Bus (Seilbahn und autonom auf der Stra\u00dfe fahrende Kabinen) werden auch deshalb von mir unterst\u00fctzt.<\/p><p><strong><u>Ich verspreche Ihnen: <\/u><\/strong><\/p><p>Als Ihr B\u00fcrgermeister setzte ich mich weiter f\u00fcr ein bestm\u00f6gliches Mobilit\u00e4tsangebot ein!<\/p>\t\t\t\t\t\t\t\t<\/div>\n\t\t\t\t<\/div>\n\t\t\t\t\t<\/div>\n\t\t<\/div>\n\t\t\t\t\t<\/div>\n\t\t<\/section>\n\t\t\t\t<\/div>\n\t\t","protected":false},"excerpt":{"rendered":"<p>Mobilit\u00e4t verbessern Die Mobilit\u00e4t der Zukunft gestalten. Die Bustaktung von Simmerath und nach Aachen und zur\u00fcck wurde auf eine halbe Stunde verbessert und l\u00e4nger in die Abendstunden ausgedehnt. F\u00fcr die &#8230;<\/p>\n","protected":false},"author":1,"featured_media":1624,"parent":0,"menu_order":0,"comment_status":"closed","ping_status":"closed","template":"","meta":{"footnotes":""},"class_list":["post-1700","page","type-page","status-publish","has-post-thumbnail","hentry"],"yoast_head":"<!-- This site is optimized with the Yoast SEO plugin v26.7 - https:\/\/yoast.com\/wordpress\/plugins\/seo\/ -->\n<title>Mobilit\u00e4t verbessern - Bernd Goffart<\/title>\n<meta name=\"robots\" content=\"index, follow, max-snippet:-1, max-image-preview:large, max-video-preview:-1\" \/>\n<link rel=\"canonical\" href=\"https:\/\/berndgoffart.de\/?page_id=1700\" \/>\n<meta property=\"og:locale\" content=\"de_DE\" \/>\n<meta property=\"og:type\" content=\"article\" \/>\n<meta property=\"og:title\" content=\"Mobilit\u00e4t verbessern - Bernd Goffart\" \/>\n<meta property=\"og:description\" content=\"Mobilit\u00e4t verbessern Die Mobilit\u00e4t der Zukunft gestalten. Die Bustaktung von Simmerath und nach Aachen und zur\u00fcck wurde auf eine halbe Stunde verbessert und l\u00e4nger in die Abendstunden ausgedehnt. F\u00fcr die ...\" \/>\n<meta property=\"og:url\" content=\"https:\/\/berndgoffart.de\/?page_id=1700\" \/>\n<meta property=\"og:site_name\" content=\"Bernd Goffart\" \/>\n<meta property=\"article:modified_time\" content=\"2025-07-14T13:45:43+00:00\" \/>\n<meta property=\"og:image\" content=\"https:\/\/berndgoffart.de\/wp-content\/uploads\/2020\/04\/Stra\u00dfen.jpg\" \/>\n\t<meta property=\"og:image:width\" content=\"640\" \/>\n\t<meta property=\"og:image:height\" content=\"426\" \/>\n\t<meta property=\"og:image:type\" content=\"image\/jpeg\" \/>\n<meta name=\"twitter:card\" content=\"summary_large_image\" \/>\n<meta name=\"twitter:label1\" content=\"Gesch\u00e4tzte Lesezeit\" \/>\n\t<meta name=\"twitter:data1\" content=\"2\u00a0Minuten\" \/>\n<script type=\"application\/ld+json\" class=\"yoast-schema-graph\">{\"@context\":\"https:\/\/schema.org\",\"@graph\":[{\"@type\":\"WebPage\",\"@id\":\"https:\/\/berndgoffart.de\/?page_id=1700\",\"url\":\"https:\/\/berndgoffart.de\/?page_id=1700\",\"name\":\"Mobilit\u00e4t verbessern - Bernd Goffart\",\"isPartOf\":{\"@id\":\"https:\/\/berndgoffart.de\/#website\"},\"primaryImageOfPage\":{\"@id\":\"https:\/\/berndgoffart.de\/?page_id=1700#primaryimage\"},\"image\":{\"@id\":\"https:\/\/berndgoffart.de\/?page_id=1700#primaryimage\"},\"thumbnailUrl\":\"https:\/\/berndgoffart.de\/wp-content\/uploads\/2020\/04\/Stra\u00dfen.jpg\",\"datePublished\":\"2020-04-06T15:02:40+00:00\",\"dateModified\":\"2025-07-14T13:45:43+00:00\",\"breadcrumb\":{\"@id\":\"https:\/\/berndgoffart.de\/?page_id=1700#breadcrumb\"},\"inLanguage\":\"de\",\"potentialAction\":[{\"@type\":\"ReadAction\",\"target\":[\"https:\/\/berndgoffart.de\/?page_id=1700\"]}]},{\"@type\":\"ImageObject\",\"inLanguage\":\"de\",\"@id\":\"https:\/\/berndgoffart.de\/?page_id=1700#primaryimage\",\"url\":\"https:\/\/berndgoffart.de\/wp-content\/uploads\/2020\/04\/Stra\u00dfen.jpg\",\"contentUrl\":\"https:\/\/berndgoffart.de\/wp-content\/uploads\/2020\/04\/Stra\u00dfen.jpg\",\"width\":640,\"height\":426},{\"@type\":\"BreadcrumbList\",\"@id\":\"https:\/\/berndgoffart.de\/?page_id=1700#breadcrumb\",\"itemListElement\":[{\"@type\":\"ListItem\",\"position\":1,\"name\":\"Startseite\",\"item\":\"https:\/\/berndgoffart.de\/\"},{\"@type\":\"ListItem\",\"position\":2,\"name\":\"Mobilit\u00e4t verbessern\"}]},{\"@type\":\"WebSite\",\"@id\":\"https:\/\/berndgoffart.de\/#website\",\"url\":\"https:\/\/berndgoffart.de\/\",\"name\":\"Bernd Goffart B\u00fcrgermeisterkandidat CDU 2025\",\"description\":\"Ihr B\u00fcrgermeister 2025 f\u00fcr Simmerath\",\"potentialAction\":[{\"@type\":\"SearchAction\",\"target\":{\"@type\":\"EntryPoint\",\"urlTemplate\":\"https:\/\/berndgoffart.de\/?s={search_term_string}\"},\"query-input\":{\"@type\":\"PropertyValueSpecification\",\"valueRequired\":true,\"valueName\":\"search_term_string\"}}],\"inLanguage\":\"de\"}]}<\/script>\n<!-- \/ Yoast SEO plugin. -->","yoast_head_json":{"title":"Mobilit\u00e4t verbessern - Bernd Goffart","robots":{"index":"index","follow":"follow","max-snippet":"max-snippet:-1","max-image-preview":"max-image-preview:large","max-video-preview":"max-video-preview:-1"},"canonical":"https:\/\/berndgoffart.de\/?page_id=1700","og_locale":"de_DE","og_type":"article","og_title":"Mobilit\u00e4t verbessern - Bernd Goffart","og_description":"Mobilit\u00e4t verbessern Die Mobilit\u00e4t der Zukunft gestalten. Die Bustaktung von Simmerath und nach Aachen und zur\u00fcck wurde auf eine halbe Stunde verbessert und l\u00e4nger in die Abendstunden ausgedehnt. F\u00fcr die ...","og_url":"https:\/\/berndgoffart.de\/?page_id=1700","og_site_name":"Bernd Goffart","article_modified_time":"2025-07-14T13:45:43+00:00","og_image":[{"width":640,"height":426,"url":"https:\/\/berndgoffart.de\/wp-content\/uploads\/2020\/04\/Stra\u00dfen.jpg","type":"image\/jpeg"}],"twitter_card":"summary_large_image","twitter_misc":{"Gesch\u00e4tzte Lesezeit":"2\u00a0Minuten"},"schema":{"@context":"https:\/\/schema.org","@graph":[{"@type":"WebPage","@id":"https:\/\/berndgoffart.de\/?page_id=1700","url":"https:\/\/berndgoffart.de\/?page_id=1700","name":"Mobilit\u00e4t verbessern - Bernd Goffart","isPartOf":{"@id":"https:\/\/berndgoffart.de\/#website"},"primaryImageOfPage":{"@id":"https:\/\/berndgoffart.de\/?page_id=1700#primaryimage"},"image":{"@id":"https:\/\/berndgoffart.de\/?page_id=1700#primaryimage"},"thumbnailUrl":"https:\/\/berndgoffart.de\/wp-content\/uploads\/2020\/04\/Stra\u00dfen.jpg","datePublished":"2020-04-06T15:02:40+00:00","dateModified":"2025-07-14T13:45:43+00:00","breadcrumb":{"@id":"https:\/\/berndgoffart.de\/?page_id=1700#breadcrumb"},"inLanguage":"de","potentialAction":[{"@type":"ReadAction","target":["https:\/\/berndgoffart.de\/?page_id=1700"]}]},{"@type":"ImageObject","inLanguage":"de","@id":"https:\/\/berndgoffart.de\/?page_id=1700#primaryimage","url":"https:\/\/berndgoffart.de\/wp-content\/uploads\/2020\/04\/Stra\u00dfen.jpg","contentUrl":"https:\/\/berndgoffart.de\/wp-content\/uploads\/2020\/04\/Stra\u00dfen.jpg","width":640,"height":426},{"@type":"BreadcrumbList","@id":"https:\/\/berndgoffart.de\/?page_id=1700#breadcrumb","itemListElement":[{"@type":"ListItem","position":1,"name":"Startseite","item":"https:\/\/berndgoffart.de\/"},{"@type":"ListItem","position":2,"name":"Mobilit\u00e4t verbessern"}]},{"@type":"WebSite","@id":"https:\/\/berndgoffart.de\/#website","url":"https:\/\/berndgoffart.de\/","name":"Bernd Goffart B\u00fcrgermeisterkandidat CDU 2025","description":"Ihr B\u00fcrgermeister 2025 f\u00fcr Simmerath","potentialAction":[{"@type":"SearchAction","target":{"@type":"EntryPoint","urlTemplate":"https:\/\/berndgoffart.de\/?s={search_term_string}"},"query-input":{"@type":"PropertyValueSpecification","valueRequired":true,"valueName":"search_term_string"}}],"inLanguage":"de"}]}},"amp_enabled":true,"_links":{"self":[{"href":"https:\/\/berndgoffart.de\/index.php?rest_route=\/wp\/v2\/pages\/1700","targetHints":{"allow":["GET"]}}],"collection":[{"href":"https:\/\/berndgoffart.de\/index.php?rest_route=\/wp\/v2\/pages"}],"about":[{"href":"https:\/\/berndgoffart.de\/index.php?rest_route=\/wp\/v2\/types\/page"}],"author":[{"embeddable":true,"href":"https:\/\/berndgoffart.de\/index.php?rest_route=\/wp\/v2\/users\/1"}],"replies":[{"embeddable":true,"href":"https:\/\/berndgoffart.de\/index.php?rest_route=%2Fwp%2Fv2%2Fcomments&post=1700"}],"version-history":[{"count":33,"href":"https:\/\/berndgoffart.de\/index.php?rest_route=\/wp\/v2\/pages\/1700\/revisions"}],"predecessor-version":[{"id":2993,"href":"https:\/\/berndgoffart.de\/index.php?rest_route=\/wp\/v2\/pages\/1700\/revisions\/2993"}],"wp:featuredmedia":[{"embeddable":true,"href":"https:\/\/berndgoffart.de\/index.php?rest_route=\/wp\/v2\/media\/1624"}],"wp:attachment":[{"href":"https:\/\/berndgoffart.de\/index.php?rest_route=%2Fwp%2Fv2%2Fmedia&parent=1700"}],"curies":[{"name":"wp","href":"https:\/\/api.w.org\/{rel}","templated":true}]}}