{"id":1696,"date":"2020-04-06T14:59:17","date_gmt":"2020-04-06T14:59:17","guid":{"rendered":"http:\/\/berndgoffart.de\/?page_id=1696"},"modified":"2025-07-14T14:32:14","modified_gmt":"2025-07-14T14:32:14","slug":"buergernaehe-und-digitalisierung","status":"publish","type":"page","link":"https:\/\/berndgoffart.de\/?page_id=1696","title":{"rendered":"B\u00fcrgern\u00e4he und Digitalisierung in unserer Gemeindeverwaltung"},"content":{"rendered":"\t\t<div data-elementor-type=\"wp-page\" data-elementor-id=\"1696\" class=\"elementor elementor-1696\">\n\t\t\t\t\t\t<section class=\"elementor-section elementor-top-section elementor-element elementor-element-b83b164 elementor-section-boxed elementor-section-height-default elementor-section-height-default\" data-id=\"b83b164\" data-element_type=\"section\">\n\t\t\t\t\t\t<div class=\"elementor-container elementor-column-gap-default\">\n\t\t\t\t\t<div class=\"elementor-column elementor-col-50 elementor-top-column elementor-element elementor-element-98a16d0\" data-id=\"98a16d0\" data-element_type=\"column\">\n\t\t\t<div class=\"elementor-widget-wrap elementor-element-populated\">\n\t\t\t\t\t\t<div class=\"elementor-element elementor-element-e29cd00 elementor-widget elementor-widget-image\" data-id=\"e29cd00\" data-element_type=\"widget\" data-widget_type=\"image.default\">\n\t\t\t\t<div class=\"elementor-widget-container\">\n\t\t\t\t\t\t\t\t\t\t\t\t\t\t\t<img decoding=\"async\" src=\"https:\/\/berndgoffart.de\/wp-content\/uploads\/2025\/06\/7-Buergernaehe-und-Digitalisierung-in-unserer-Gemeindeverwaltung-scaled.jpg\" title=\"7 B\u00fcrgern\u00e4he und Digitalisierung in unserer Gemeindeverwaltung\" alt=\"7 B\u00fcrgern\u00e4he und Digitalisierung in unserer Gemeindeverwaltung\" loading=\"lazy\" \/>\t\t\t\t\t\t\t\t\t\t\t\t\t\t\t<\/div>\n\t\t\t\t<\/div>\n\t\t\t\t\t<\/div>\n\t\t<\/div>\n\t\t\t\t<div class=\"elementor-column elementor-col-50 elementor-top-column elementor-element elementor-element-ff360b8\" data-id=\"ff360b8\" data-element_type=\"column\">\n\t\t\t<div class=\"elementor-widget-wrap elementor-element-populated\">\n\t\t\t\t\t\t<div class=\"elementor-element elementor-element-c260702 elementor-widget elementor-widget-heading\" data-id=\"c260702\" data-element_type=\"widget\" data-widget_type=\"heading.default\">\n\t\t\t\t<div class=\"elementor-widget-container\">\n\t\t\t\t\t<h2 class=\"elementor-heading-title elementor-size-default\"><a href=\"http:\/\/berndgoffart.de\/?page_id=1509#Buergernaehe\">B\u00fcrgern\u00e4he und Digitalisierung in unserer Gemeindeverwaltung<b><u><span style=\"font-size:12.0pt\"><\/span><\/u><\/b><\/a><\/h2>\t\t\t\t<\/div>\n\t\t\t\t<\/div>\n\t\t\t\t<div class=\"elementor-element elementor-element-d72e32c elementor-widget elementor-widget-heading\" data-id=\"d72e32c\" data-element_type=\"widget\" data-widget_type=\"heading.default\">\n\t\t\t\t<div class=\"elementor-widget-container\">\n\t\t\t\t\t<span class=\"elementor-heading-title elementor-size-default\">B\u00fcrger beteiligen und kurze Verwaltungswege garantieren.<\/span>\t\t\t\t<\/div>\n\t\t\t\t<\/div>\n\t\t\t\t\t<\/div>\n\t\t<\/div>\n\t\t\t\t\t<\/div>\n\t\t<\/section>\n\t\t\t\t<section class=\"elementor-section elementor-top-section elementor-element elementor-element-3bf54f9 elementor-section-boxed elementor-section-height-default elementor-section-height-default\" data-id=\"3bf54f9\" data-element_type=\"section\">\n\t\t\t\t\t\t<div class=\"elementor-container elementor-column-gap-default\">\n\t\t\t\t\t<div class=\"elementor-column elementor-col-100 elementor-top-column elementor-element elementor-element-d2e1faf\" data-id=\"d2e1faf\" data-element_type=\"column\">\n\t\t\t<div class=\"elementor-widget-wrap elementor-element-populated\">\n\t\t\t\t\t\t<div class=\"elementor-element elementor-element-af8d5ce elementor-widget elementor-widget-text-editor\" data-id=\"af8d5ce\" data-element_type=\"widget\" data-widget_type=\"text-editor.default\">\n\t\t\t\t<div class=\"elementor-widget-container\">\n\t\t\t\t\t\t\t\t\t<p>Mir ist wichtig, ganz nah bei den B\u00fcrgern zu sein.\u00a0Deshalb besuche ich so viele Veranstaltungen wie mir eben m\u00f6glich ist oder bin vor Ort unterwegs. Ich h\u00f6re gerne zu. Mich als B\u00fcrgermeister vor Ort einzubringen und zuzuh\u00f6ren, zu verstehen und auch zu erkl\u00e4ren, das ist mein Anspruch!<\/p><p>Selbstverst\u00e4ndlich wird es meine w\u00f6chentliche B\u00fcrgersprechstunde weiterhin geben.<\/p><p>Das Versprechen, regelm\u00e4\u00dfig vor Ort meine Haust\u00fcrtouren w\u00e4hrend der gesamten Wahlperiode fortzuf\u00fchren, habe ich gehalten und mit vielen Menschen an ihren Haust\u00fcren gesprochen. F\u00fcr mich geh\u00f6rt zur B\u00fcrgern\u00e4he auch eine freundliche, hilfsbereite und kompetente Verwaltung. Es ist m\u00f6glich, viele Abl\u00e4ufe durch die Digitalisierung einfacher und verst\u00e4ndlicher zu machen. Diesen Weg will ich als Verwaltungsleiter in den n\u00e4chsten Jahren weitergehen. Dabei ist mir wichtig, dass alle Angelegenheiten daneben auch vor Ort pers\u00f6nlich im Rathaus erledigt werden k\u00f6nnen.\u00a0<\/p><p>Neben unserem digitalen Gemeindenewsletter gibt es das neue Ratsinformationssystem. Der Zugang zu Entscheidungen des Rates und der Aussch\u00fcsse wird dadurch vereinfacht. Ohne gro\u00dfen Aufwand k\u00f6nnen Sie sich online informieren.<\/p><p><strong><u>Ich verspreche Ihnen:<\/u><\/strong><\/p><p>Als Ihr B\u00fcrgermeister werde ich weiter nah bei den Menschen sein, zuh\u00f6ren und B\u00fcrgerbeteiligung praktizieren!<\/p>\t\t\t\t\t\t\t\t<\/div>\n\t\t\t\t<\/div>\n\t\t\t\t\t<\/div>\n\t\t<\/div>\n\t\t\t\t\t<\/div>\n\t\t<\/section>\n\t\t\t\t<\/div>\n\t\t","protected":false},"excerpt":{"rendered":"<p>B\u00fcrgern\u00e4he und Digitalisierung in unserer Gemeindeverwaltung B\u00fcrger beteiligen und kurze Verwaltungswege garantieren. Mir ist wichtig, ganz nah bei den B\u00fcrgern zu sein.\u00a0Deshalb besuche ich so viele Veranstaltungen wie mir eben &#8230;<\/p>\n","protected":false},"author":1,"featured_media":1625,"parent":0,"menu_order":0,"comment_status":"closed","ping_status":"closed","template":"","meta":{"footnotes":""},"class_list":["post-1696","page","type-page","status-publish","has-post-thumbnail","hentry"],"yoast_head":"<!-- This site is optimized with the Yoast SEO plugin v26.7 - https:\/\/yoast.com\/wordpress\/plugins\/seo\/ -->\n<title>B\u00fcrgern\u00e4he und Digitalisierung in unserer Gemeindeverwaltung - Bernd Goffart<\/title>\n<meta name=\"robots\" content=\"index, follow, max-snippet:-1, max-image-preview:large, max-video-preview:-1\" \/>\n<link rel=\"canonical\" href=\"https:\/\/berndgoffart.de\/?page_id=1696\" \/>\n<meta property=\"og:locale\" content=\"de_DE\" \/>\n<meta property=\"og:type\" content=\"article\" \/>\n<meta property=\"og:title\" content=\"B\u00fcrgern\u00e4he und Digitalisierung in unserer Gemeindeverwaltung - Bernd Goffart\" \/>\n<meta property=\"og:description\" content=\"B\u00fcrgern\u00e4he und Digitalisierung in unserer Gemeindeverwaltung B\u00fcrger beteiligen und kurze Verwaltungswege garantieren. Mir ist wichtig, ganz nah bei den B\u00fcrgern zu sein.\u00a0Deshalb besuche ich so viele Veranstaltungen wie mir eben ...\" \/>\n<meta property=\"og:url\" content=\"https:\/\/berndgoffart.de\/?page_id=1696\" \/>\n<meta property=\"og:site_name\" content=\"Bernd Goffart\" \/>\n<meta property=\"article:modified_time\" content=\"2025-07-14T14:32:14+00:00\" \/>\n<meta property=\"og:image\" content=\"https:\/\/berndgoffart.de\/wp-content\/uploads\/2020\/04\/B\u00fcrgern\u00e4he.jpg\" \/>\n\t<meta property=\"og:image:width\" content=\"640\" \/>\n\t<meta property=\"og:image:height\" content=\"432\" \/>\n\t<meta property=\"og:image:type\" content=\"image\/jpeg\" \/>\n<meta name=\"twitter:card\" content=\"summary_large_image\" \/>\n<meta name=\"twitter:label1\" content=\"Gesch\u00e4tzte Lesezeit\" \/>\n\t<meta name=\"twitter:data1\" content=\"2\u00a0Minuten\" \/>\n<script type=\"application\/ld+json\" class=\"yoast-schema-graph\">{\"@context\":\"https:\/\/schema.org\",\"@graph\":[{\"@type\":\"WebPage\",\"@id\":\"https:\/\/berndgoffart.de\/?page_id=1696\",\"url\":\"https:\/\/berndgoffart.de\/?page_id=1696\",\"name\":\"B\u00fcrgern\u00e4he und Digitalisierung in unserer Gemeindeverwaltung - Bernd Goffart\",\"isPartOf\":{\"@id\":\"https:\/\/berndgoffart.de\/#website\"},\"primaryImageOfPage\":{\"@id\":\"https:\/\/berndgoffart.de\/?page_id=1696#primaryimage\"},\"image\":{\"@id\":\"https:\/\/berndgoffart.de\/?page_id=1696#primaryimage\"},\"thumbnailUrl\":\"https:\/\/berndgoffart.de\/wp-content\/uploads\/2020\/04\/B\u00fcrgern\u00e4he.jpg\",\"datePublished\":\"2020-04-06T14:59:17+00:00\",\"dateModified\":\"2025-07-14T14:32:14+00:00\",\"breadcrumb\":{\"@id\":\"https:\/\/berndgoffart.de\/?page_id=1696#breadcrumb\"},\"inLanguage\":\"de\",\"potentialAction\":[{\"@type\":\"ReadAction\",\"target\":[\"https:\/\/berndgoffart.de\/?page_id=1696\"]}]},{\"@type\":\"ImageObject\",\"inLanguage\":\"de\",\"@id\":\"https:\/\/berndgoffart.de\/?page_id=1696#primaryimage\",\"url\":\"https:\/\/berndgoffart.de\/wp-content\/uploads\/2020\/04\/B\u00fcrgern\u00e4he.jpg\",\"contentUrl\":\"https:\/\/berndgoffart.de\/wp-content\/uploads\/2020\/04\/B\u00fcrgern\u00e4he.jpg\",\"width\":640,\"height\":432},{\"@type\":\"BreadcrumbList\",\"@id\":\"https:\/\/berndgoffart.de\/?page_id=1696#breadcrumb\",\"itemListElement\":[{\"@type\":\"ListItem\",\"position\":1,\"name\":\"Startseite\",\"item\":\"https:\/\/berndgoffart.de\/\"},{\"@type\":\"ListItem\",\"position\":2,\"name\":\"B\u00fcrgern\u00e4he und Digitalisierung in unserer Gemeindeverwaltung\"}]},{\"@type\":\"WebSite\",\"@id\":\"https:\/\/berndgoffart.de\/#website\",\"url\":\"https:\/\/berndgoffart.de\/\",\"name\":\"Bernd Goffart B\u00fcrgermeisterkandidat CDU 2025\",\"description\":\"Ihr B\u00fcrgermeister 2025 f\u00fcr Simmerath\",\"potentialAction\":[{\"@type\":\"SearchAction\",\"target\":{\"@type\":\"EntryPoint\",\"urlTemplate\":\"https:\/\/berndgoffart.de\/?s={search_term_string}\"},\"query-input\":{\"@type\":\"PropertyValueSpecification\",\"valueRequired\":true,\"valueName\":\"search_term_string\"}}],\"inLanguage\":\"de\"}]}<\/script>\n<!-- \/ Yoast SEO plugin. -->","yoast_head_json":{"title":"B\u00fcrgern\u00e4he und Digitalisierung in unserer Gemeindeverwaltung - Bernd Goffart","robots":{"index":"index","follow":"follow","max-snippet":"max-snippet:-1","max-image-preview":"max-image-preview:large","max-video-preview":"max-video-preview:-1"},"canonical":"https:\/\/berndgoffart.de\/?page_id=1696","og_locale":"de_DE","og_type":"article","og_title":"B\u00fcrgern\u00e4he und Digitalisierung in unserer Gemeindeverwaltung - Bernd Goffart","og_description":"B\u00fcrgern\u00e4he und Digitalisierung in unserer Gemeindeverwaltung B\u00fcrger beteiligen und kurze Verwaltungswege garantieren. Mir ist wichtig, ganz nah bei den B\u00fcrgern zu sein.\u00a0Deshalb besuche ich so viele Veranstaltungen wie mir eben ...","og_url":"https:\/\/berndgoffart.de\/?page_id=1696","og_site_name":"Bernd Goffart","article_modified_time":"2025-07-14T14:32:14+00:00","og_image":[{"width":640,"height":432,"url":"https:\/\/berndgoffart.de\/wp-content\/uploads\/2020\/04\/B\u00fcrgern\u00e4he.jpg","type":"image\/jpeg"}],"twitter_card":"summary_large_image","twitter_misc":{"Gesch\u00e4tzte Lesezeit":"2\u00a0Minuten"},"schema":{"@context":"https:\/\/schema.org","@graph":[{"@type":"WebPage","@id":"https:\/\/berndgoffart.de\/?page_id=1696","url":"https:\/\/berndgoffart.de\/?page_id=1696","name":"B\u00fcrgern\u00e4he und Digitalisierung in unserer Gemeindeverwaltung - Bernd Goffart","isPartOf":{"@id":"https:\/\/berndgoffart.de\/#website"},"primaryImageOfPage":{"@id":"https:\/\/berndgoffart.de\/?page_id=1696#primaryimage"},"image":{"@id":"https:\/\/berndgoffart.de\/?page_id=1696#primaryimage"},"thumbnailUrl":"https:\/\/berndgoffart.de\/wp-content\/uploads\/2020\/04\/B\u00fcrgern\u00e4he.jpg","datePublished":"2020-04-06T14:59:17+00:00","dateModified":"2025-07-14T14:32:14+00:00","breadcrumb":{"@id":"https:\/\/berndgoffart.de\/?page_id=1696#breadcrumb"},"inLanguage":"de","potentialAction":[{"@type":"ReadAction","target":["https:\/\/berndgoffart.de\/?page_id=1696"]}]},{"@type":"ImageObject","inLanguage":"de","@id":"https:\/\/berndgoffart.de\/?page_id=1696#primaryimage","url":"https:\/\/berndgoffart.de\/wp-content\/uploads\/2020\/04\/B\u00fcrgern\u00e4he.jpg","contentUrl":"https:\/\/berndgoffart.de\/wp-content\/uploads\/2020\/04\/B\u00fcrgern\u00e4he.jpg","width":640,"height":432},{"@type":"BreadcrumbList","@id":"https:\/\/berndgoffart.de\/?page_id=1696#breadcrumb","itemListElement":[{"@type":"ListItem","position":1,"name":"Startseite","item":"https:\/\/berndgoffart.de\/"},{"@type":"ListItem","position":2,"name":"B\u00fcrgern\u00e4he und Digitalisierung in unserer Gemeindeverwaltung"}]},{"@type":"WebSite","@id":"https:\/\/berndgoffart.de\/#website","url":"https:\/\/berndgoffart.de\/","name":"Bernd Goffart B\u00fcrgermeisterkandidat CDU 2025","description":"Ihr B\u00fcrgermeister 2025 f\u00fcr Simmerath","potentialAction":[{"@type":"SearchAction","target":{"@type":"EntryPoint","urlTemplate":"https:\/\/berndgoffart.de\/?s={search_term_string}"},"query-input":{"@type":"PropertyValueSpecification","valueRequired":true,"valueName":"search_term_string"}}],"inLanguage":"de"}]}},"amp_enabled":true,"_links":{"self":[{"href":"https:\/\/berndgoffart.de\/index.php?rest_route=\/wp\/v2\/pages\/1696","targetHints":{"allow":["GET"]}}],"collection":[{"href":"https:\/\/berndgoffart.de\/index.php?rest_route=\/wp\/v2\/pages"}],"about":[{"href":"https:\/\/berndgoffart.de\/index.php?rest_route=\/wp\/v2\/types\/page"}],"author":[{"embeddable":true,"href":"https:\/\/berndgoffart.de\/index.php?rest_route=\/wp\/v2\/users\/1"}],"replies":[{"embeddable":true,"href":"https:\/\/berndgoffart.de\/index.php?rest_route=%2Fwp%2Fv2%2Fcomments&post=1696"}],"version-history":[{"count":42,"href":"https:\/\/berndgoffart.de\/index.php?rest_route=\/wp\/v2\/pages\/1696\/revisions"}],"predecessor-version":[{"id":3042,"href":"https:\/\/berndgoffart.de\/index.php?rest_route=\/wp\/v2\/pages\/1696\/revisions\/3042"}],"wp:featuredmedia":[{"embeddable":true,"href":"https:\/\/berndgoffart.de\/index.php?rest_route=\/wp\/v2\/media\/1625"}],"wp:attachment":[{"href":"https:\/\/berndgoffart.de\/index.php?rest_route=%2Fwp%2Fv2%2Fmedia&parent=1696"}],"curies":[{"name":"wp","href":"https:\/\/api.w.org\/{rel}","templated":true}]}}