{"id":1671,"date":"2020-04-06T14:31:25","date_gmt":"2020-04-06T14:31:25","guid":{"rendered":"http:\/\/berndgoffart.de\/?page_id=1671"},"modified":"2025-07-14T14:54:22","modified_gmt":"2025-07-14T14:54:22","slug":"oekonomie-und-oekologie","status":"publish","type":"page","link":"https:\/\/berndgoffart.de\/?page_id=1671","title":{"rendered":"Wirtschaftsstandort Simmerath"},"content":{"rendered":"\t\t<div data-elementor-type=\"wp-page\" data-elementor-id=\"1671\" class=\"elementor elementor-1671\">\n\t\t\t\t\t\t<section class=\"elementor-section elementor-top-section elementor-element elementor-element-b83b164 elementor-section-boxed elementor-section-height-default elementor-section-height-default\" data-id=\"b83b164\" data-element_type=\"section\">\n\t\t\t\t\t\t<div class=\"elementor-container elementor-column-gap-default\">\n\t\t\t\t\t<div class=\"elementor-column elementor-col-50 elementor-top-column elementor-element elementor-element-98a16d0\" data-id=\"98a16d0\" data-element_type=\"column\">\n\t\t\t<div class=\"elementor-widget-wrap elementor-element-populated\">\n\t\t\t\t\t\t<div class=\"elementor-element elementor-element-e29cd00 elementor-widget__width-initial elementor-widget elementor-widget-image\" data-id=\"e29cd00\" data-element_type=\"widget\" data-widget_type=\"image.default\">\n\t\t\t\t<div class=\"elementor-widget-container\">\n\t\t\t\t\t\t\t\t\t\t\t\t\t\t\t<img decoding=\"async\" src=\"https:\/\/berndgoffart.de\/wp-content\/uploads\/2025\/06\/2-Wirtschaftsstandort-Simmerath.jpg\" title=\"2 Wirtschaftsstandort Simmerath\" alt=\"2 Wirtschaftsstandort Simmerath\" loading=\"lazy\" \/>\t\t\t\t\t\t\t\t\t\t\t\t\t\t\t<\/div>\n\t\t\t\t<\/div>\n\t\t\t\t\t<\/div>\n\t\t<\/div>\n\t\t\t\t<div class=\"elementor-column elementor-col-50 elementor-top-column elementor-element elementor-element-ff360b8\" data-id=\"ff360b8\" data-element_type=\"column\">\n\t\t\t<div class=\"elementor-widget-wrap elementor-element-populated\">\n\t\t\t\t\t\t<div class=\"elementor-element elementor-element-c260702 elementor-widget elementor-widget-heading\" data-id=\"c260702\" data-element_type=\"widget\" data-widget_type=\"heading.default\">\n\t\t\t\t<div class=\"elementor-widget-container\">\n\t\t\t\t\t<h2 class=\"elementor-heading-title elementor-size-default\">Wirtschaftsstandort Simmerath<\/h2>\t\t\t\t<\/div>\n\t\t\t\t<\/div>\n\t\t\t\t<div class=\"elementor-element elementor-element-56fa704 elementor-widget elementor-widget-heading\" data-id=\"56fa704\" data-element_type=\"widget\" data-widget_type=\"heading.default\">\n\t\t\t\t<div class=\"elementor-widget-container\">\n\t\t\t\t\t<p class=\"elementor-heading-title elementor-size-default\">Der Motor unseres Wohstandes und unserer  Zukunft.<\/p>\t\t\t\t<\/div>\n\t\t\t\t<\/div>\n\t\t\t\t\t<\/div>\n\t\t<\/div>\n\t\t\t\t\t<\/div>\n\t\t<\/section>\n\t\t\t\t<section class=\"elementor-section elementor-top-section elementor-element elementor-element-4f837ec elementor-section-boxed elementor-section-height-default elementor-section-height-default\" data-id=\"4f837ec\" data-element_type=\"section\">\n\t\t\t\t\t\t<div class=\"elementor-container elementor-column-gap-default\">\n\t\t\t\t\t<div class=\"elementor-column elementor-col-100 elementor-top-column elementor-element elementor-element-1a11df1\" data-id=\"1a11df1\" data-element_type=\"column\">\n\t\t\t<div class=\"elementor-widget-wrap elementor-element-populated\">\n\t\t\t\t\t\t<div class=\"elementor-element elementor-element-7d34ac8 elementor-widget elementor-widget-text-editor\" data-id=\"7d34ac8\" data-element_type=\"widget\" data-widget_type=\"text-editor.default\">\n\t\t\t\t<div class=\"elementor-widget-container\">\n\t\t\t\t\t\t\t\t\t<p>Erfolgreiche Gewerbebetriebe und breit gef\u00e4cherter Einzelhandel, engagierte Handwerker und innovative Unternehmen \u2013 all das zeichnet die Gemeinde Simmerath als florierenden Wirtschaftsstandort aus. F\u00fcr meinen pers\u00f6nlichen Einsatz bin ich 2022 mit der Ehrengabe der Kreishandwerkerschaft ausgezeichnet worden.\u00a0<\/p><p>F\u00fcr Industrie und mittelst\u00e4ndische Unternehmen ist eine Ansiedlung in Simmerath attraktiv, nicht zuletzt wegen der niedrigsten Grund- und Gewerbesteuer unserer Region.<\/p><p>Hiervon profitiert unsere Gemeinde und wir finden viele wohnortnahe Arbeitspl\u00e4tze.<\/p><p>In der Gemeinde sind aktuell keine freien Gewerbefl\u00e4chen mehr vorhanden. Die Nachfrage ist aber gro\u00df. Deshalb erschlie\u00dfen wir nun selbst ein neues Gewerbegebiet hinter dem Betonwerk Simmerath Richtung Kesternich. Auch so erhalten wir Einnahmen \u00fcber die Gewerbesteuer, die alle Einwohner entlasten!\u00a0<\/p><p>Der Zentralort mit seinen zahlreichen Gesch\u00e4ften soll \u2013 auch durch kostenfreies Parken \u2013 weiterhin ein beliebtes Einkaufsziel f\u00fcr unsere Region bleiben. Mit dem Gewerbeverein arbeite ich eng zusammen.<\/p><p><strong><u>Ich verspreche Ihnen:<\/u><\/strong><\/p><p>Als Ihr B\u00fcrgermeister bin ich immer gerne Ansprechpartner f\u00fcr die Unternehmen und gehe auf diese zu. Ich m\u00f6chte den Wirtschaftsstandort Simmerath sichern und ausbauen!<\/p>\t\t\t\t\t\t\t\t<\/div>\n\t\t\t\t<\/div>\n\t\t\t\t\t<\/div>\n\t\t<\/div>\n\t\t\t\t\t<\/div>\n\t\t<\/section>\n\t\t\t\t<\/div>\n\t\t","protected":false},"excerpt":{"rendered":"<p>Wirtschaftsstandort Simmerath Der Motor unseres Wohstandes und unserer Zukunft. Erfolgreiche Gewerbebetriebe und breit gef\u00e4cherter Einzelhandel, engagierte Handwerker und innovative Unternehmen \u2013 all das zeichnet die Gemeinde Simmerath als florierenden Wirtschaftsstandort &#8230;<\/p>\n","protected":false},"author":1,"featured_media":1523,"parent":0,"menu_order":0,"comment_status":"closed","ping_status":"closed","template":"","meta":{"footnotes":""},"class_list":["post-1671","page","type-page","status-publish","has-post-thumbnail","hentry"],"yoast_head":"<!-- This site is optimized with the Yoast SEO plugin v26.7 - https:\/\/yoast.com\/wordpress\/plugins\/seo\/ -->\n<title>Wirtschaftsstandort Simmerath - Bernd Goffart<\/title>\n<meta name=\"robots\" content=\"index, follow, max-snippet:-1, max-image-preview:large, max-video-preview:-1\" \/>\n<link rel=\"canonical\" href=\"https:\/\/berndgoffart.de\/?page_id=1671\" \/>\n<meta property=\"og:locale\" content=\"de_DE\" \/>\n<meta property=\"og:type\" content=\"article\" \/>\n<meta property=\"og:title\" content=\"Wirtschaftsstandort Simmerath - Bernd Goffart\" \/>\n<meta property=\"og:description\" content=\"Wirtschaftsstandort Simmerath Der Motor unseres Wohstandes und unserer Zukunft. Erfolgreiche Gewerbebetriebe und breit gef\u00e4cherter Einzelhandel, engagierte Handwerker und innovative Unternehmen \u2013 all das zeichnet die Gemeinde Simmerath als florierenden Wirtschaftsstandort ...\" \/>\n<meta property=\"og:url\" content=\"https:\/\/berndgoffart.de\/?page_id=1671\" \/>\n<meta property=\"og:site_name\" content=\"Bernd Goffart\" \/>\n<meta property=\"article:modified_time\" content=\"2025-07-14T14:54:22+00:00\" \/>\n<meta property=\"og:image\" content=\"https:\/\/berndgoffart.de\/wp-content\/uploads\/2020\/02\/rursee-panorama-web-c1.jpg\" \/>\n\t<meta property=\"og:image:width\" content=\"800\" \/>\n\t<meta property=\"og:image:height\" content=\"531\" \/>\n\t<meta property=\"og:image:type\" content=\"image\/jpeg\" \/>\n<meta name=\"twitter:card\" content=\"summary_large_image\" \/>\n<meta name=\"twitter:label1\" content=\"Gesch\u00e4tzte Lesezeit\" \/>\n\t<meta name=\"twitter:data1\" content=\"2\u00a0Minuten\" \/>\n<script type=\"application\/ld+json\" class=\"yoast-schema-graph\">{\"@context\":\"https:\/\/schema.org\",\"@graph\":[{\"@type\":\"WebPage\",\"@id\":\"https:\/\/berndgoffart.de\/?page_id=1671\",\"url\":\"https:\/\/berndgoffart.de\/?page_id=1671\",\"name\":\"Wirtschaftsstandort Simmerath - Bernd Goffart\",\"isPartOf\":{\"@id\":\"https:\/\/berndgoffart.de\/#website\"},\"primaryImageOfPage\":{\"@id\":\"https:\/\/berndgoffart.de\/?page_id=1671#primaryimage\"},\"image\":{\"@id\":\"https:\/\/berndgoffart.de\/?page_id=1671#primaryimage\"},\"thumbnailUrl\":\"https:\/\/berndgoffart.de\/wp-content\/uploads\/2020\/02\/rursee-panorama-web-c1.jpg\",\"datePublished\":\"2020-04-06T14:31:25+00:00\",\"dateModified\":\"2025-07-14T14:54:22+00:00\",\"breadcrumb\":{\"@id\":\"https:\/\/berndgoffart.de\/?page_id=1671#breadcrumb\"},\"inLanguage\":\"de\",\"potentialAction\":[{\"@type\":\"ReadAction\",\"target\":[\"https:\/\/berndgoffart.de\/?page_id=1671\"]}]},{\"@type\":\"ImageObject\",\"inLanguage\":\"de\",\"@id\":\"https:\/\/berndgoffart.de\/?page_id=1671#primaryimage\",\"url\":\"https:\/\/berndgoffart.de\/wp-content\/uploads\/2020\/02\/rursee-panorama-web-c1.jpg\",\"contentUrl\":\"https:\/\/berndgoffart.de\/wp-content\/uploads\/2020\/02\/rursee-panorama-web-c1.jpg\",\"width\":800,\"height\":531},{\"@type\":\"BreadcrumbList\",\"@id\":\"https:\/\/berndgoffart.de\/?page_id=1671#breadcrumb\",\"itemListElement\":[{\"@type\":\"ListItem\",\"position\":1,\"name\":\"Startseite\",\"item\":\"https:\/\/berndgoffart.de\/\"},{\"@type\":\"ListItem\",\"position\":2,\"name\":\"Wirtschaftsstandort Simmerath\"}]},{\"@type\":\"WebSite\",\"@id\":\"https:\/\/berndgoffart.de\/#website\",\"url\":\"https:\/\/berndgoffart.de\/\",\"name\":\"Bernd Goffart B\u00fcrgermeisterkandidat CDU 2025\",\"description\":\"Ihr B\u00fcrgermeister 2025 f\u00fcr Simmerath\",\"potentialAction\":[{\"@type\":\"SearchAction\",\"target\":{\"@type\":\"EntryPoint\",\"urlTemplate\":\"https:\/\/berndgoffart.de\/?s={search_term_string}\"},\"query-input\":{\"@type\":\"PropertyValueSpecification\",\"valueRequired\":true,\"valueName\":\"search_term_string\"}}],\"inLanguage\":\"de\"}]}<\/script>\n<!-- \/ Yoast SEO plugin. -->","yoast_head_json":{"title":"Wirtschaftsstandort Simmerath - Bernd Goffart","robots":{"index":"index","follow":"follow","max-snippet":"max-snippet:-1","max-image-preview":"max-image-preview:large","max-video-preview":"max-video-preview:-1"},"canonical":"https:\/\/berndgoffart.de\/?page_id=1671","og_locale":"de_DE","og_type":"article","og_title":"Wirtschaftsstandort Simmerath - Bernd Goffart","og_description":"Wirtschaftsstandort Simmerath Der Motor unseres Wohstandes und unserer Zukunft. Erfolgreiche Gewerbebetriebe und breit gef\u00e4cherter Einzelhandel, engagierte Handwerker und innovative Unternehmen \u2013 all das zeichnet die Gemeinde Simmerath als florierenden Wirtschaftsstandort ...","og_url":"https:\/\/berndgoffart.de\/?page_id=1671","og_site_name":"Bernd Goffart","article_modified_time":"2025-07-14T14:54:22+00:00","og_image":[{"width":800,"height":531,"url":"https:\/\/berndgoffart.de\/wp-content\/uploads\/2020\/02\/rursee-panorama-web-c1.jpg","type":"image\/jpeg"}],"twitter_card":"summary_large_image","twitter_misc":{"Gesch\u00e4tzte Lesezeit":"2\u00a0Minuten"},"schema":{"@context":"https:\/\/schema.org","@graph":[{"@type":"WebPage","@id":"https:\/\/berndgoffart.de\/?page_id=1671","url":"https:\/\/berndgoffart.de\/?page_id=1671","name":"Wirtschaftsstandort Simmerath - Bernd Goffart","isPartOf":{"@id":"https:\/\/berndgoffart.de\/#website"},"primaryImageOfPage":{"@id":"https:\/\/berndgoffart.de\/?page_id=1671#primaryimage"},"image":{"@id":"https:\/\/berndgoffart.de\/?page_id=1671#primaryimage"},"thumbnailUrl":"https:\/\/berndgoffart.de\/wp-content\/uploads\/2020\/02\/rursee-panorama-web-c1.jpg","datePublished":"2020-04-06T14:31:25+00:00","dateModified":"2025-07-14T14:54:22+00:00","breadcrumb":{"@id":"https:\/\/berndgoffart.de\/?page_id=1671#breadcrumb"},"inLanguage":"de","potentialAction":[{"@type":"ReadAction","target":["https:\/\/berndgoffart.de\/?page_id=1671"]}]},{"@type":"ImageObject","inLanguage":"de","@id":"https:\/\/berndgoffart.de\/?page_id=1671#primaryimage","url":"https:\/\/berndgoffart.de\/wp-content\/uploads\/2020\/02\/rursee-panorama-web-c1.jpg","contentUrl":"https:\/\/berndgoffart.de\/wp-content\/uploads\/2020\/02\/rursee-panorama-web-c1.jpg","width":800,"height":531},{"@type":"BreadcrumbList","@id":"https:\/\/berndgoffart.de\/?page_id=1671#breadcrumb","itemListElement":[{"@type":"ListItem","position":1,"name":"Startseite","item":"https:\/\/berndgoffart.de\/"},{"@type":"ListItem","position":2,"name":"Wirtschaftsstandort Simmerath"}]},{"@type":"WebSite","@id":"https:\/\/berndgoffart.de\/#website","url":"https:\/\/berndgoffart.de\/","name":"Bernd Goffart B\u00fcrgermeisterkandidat CDU 2025","description":"Ihr B\u00fcrgermeister 2025 f\u00fcr Simmerath","potentialAction":[{"@type":"SearchAction","target":{"@type":"EntryPoint","urlTemplate":"https:\/\/berndgoffart.de\/?s={search_term_string}"},"query-input":{"@type":"PropertyValueSpecification","valueRequired":true,"valueName":"search_term_string"}}],"inLanguage":"de"}]}},"amp_enabled":true,"_links":{"self":[{"href":"https:\/\/berndgoffart.de\/index.php?rest_route=\/wp\/v2\/pages\/1671","targetHints":{"allow":["GET"]}}],"collection":[{"href":"https:\/\/berndgoffart.de\/index.php?rest_route=\/wp\/v2\/pages"}],"about":[{"href":"https:\/\/berndgoffart.de\/index.php?rest_route=\/wp\/v2\/types\/page"}],"author":[{"embeddable":true,"href":"https:\/\/berndgoffart.de\/index.php?rest_route=\/wp\/v2\/users\/1"}],"replies":[{"embeddable":true,"href":"https:\/\/berndgoffart.de\/index.php?rest_route=%2Fwp%2Fv2%2Fcomments&post=1671"}],"version-history":[{"count":41,"href":"https:\/\/berndgoffart.de\/index.php?rest_route=\/wp\/v2\/pages\/1671\/revisions"}],"predecessor-version":[{"id":3069,"href":"https:\/\/berndgoffart.de\/index.php?rest_route=\/wp\/v2\/pages\/1671\/revisions\/3069"}],"wp:featuredmedia":[{"embeddable":true,"href":"https:\/\/berndgoffart.de\/index.php?rest_route=\/wp\/v2\/media\/1523"}],"wp:attachment":[{"href":"https:\/\/berndgoffart.de\/index.php?rest_route=%2Fwp%2Fv2%2Fmedia&parent=1671"}],"curies":[{"name":"wp","href":"https:\/\/api.w.org\/{rel}","templated":true}]}}